{"id":4194,"date":"2022-06-04T22:24:02","date_gmt":"2022-06-04T18:24:02","guid":{"rendered":"https:\/\/goldratetoday.com\/stocks\/"},"modified":"2023-05-18T13:14:44","modified_gmt":"2023-05-18T09:14:44","slug":"hisseler","status":"publish","type":"page","link":"https:\/\/goldratetoday.com\/tr\/hisseler\/","title":{"rendered":"G\u00fcncel hayvan fiyatlar\u0131"},"content":{"rendered":"\t\t<div data-elementor-type=\"wp-page\" data-elementor-id=\"4194\" class=\"elementor elementor-4194 elementor-185\" data-elementor-post-type=\"page\">\n\t\t\t\t\t\t<section class=\"elementor-section elementor-top-section elementor-element elementor-element-59306cfa elementor-section-boxed elementor-section-height-default elementor-section-height-default\" data-id=\"59306cfa\" data-element_type=\"section\">\n\t\t\t\t\t\t<div class=\"elementor-container elementor-column-gap-default\">\n\t\t\t\t\t<div class=\"elementor-column elementor-col-100 elementor-top-column elementor-element elementor-element-503275b3\" data-id=\"503275b3\" data-element_type=\"column\">\n\t\t\t<div class=\"elementor-widget-wrap elementor-element-populated\">\n\t\t\t\t\t\t<section class=\"elementor-section elementor-inner-section elementor-element elementor-element-346593f6 elementor-section-height-min-height elementor-section-boxed elementor-section-height-default\" data-id=\"346593f6\" data-element_type=\"section\">\n\t\t\t\t\t\t<div class=\"elementor-container elementor-column-gap-default\">\n\t\t\t\t\t<div class=\"elementor-column elementor-col-50 elementor-inner-column elementor-element elementor-element-4cf6a9a\" data-id=\"4cf6a9a\" data-element_type=\"column\">\n\t\t\t<div class=\"elementor-widget-wrap elementor-element-populated\">\n\t\t\t\t\t\t<div class=\"elementor-element elementor-element-74826479 elementor-widget elementor-widget-heading\" data-id=\"74826479\" data-element_type=\"widget\" data-widget_type=\"heading.default\">\n\t\t\t\t<div class=\"elementor-widget-container\">\n\t\t\t<style>\/*! elementor - v3.21.0 - 18-04-2024 *\/\n.elementor-heading-title{padding:0;margin:0;line-height:1}.elementor-widget-heading .elementor-heading-title[class*=elementor-size-]>a{color:inherit;font-size:inherit;line-height:inherit}.elementor-widget-heading .elementor-heading-title.elementor-size-small{font-size:15px}.elementor-widget-heading .elementor-heading-title.elementor-size-medium{font-size:19px}.elementor-widget-heading .elementor-heading-title.elementor-size-large{font-size:29px}.elementor-widget-heading .elementor-heading-title.elementor-size-xl{font-size:39px}.elementor-widget-heading .elementor-heading-title.elementor-size-xxl{font-size:59px}<\/style><h1 class=\"elementor-heading-title elementor-size-default\">G\u00fcncel hisse fiyatlar\u0131<\/h1>\t\t<\/div>\n\t\t\t\t<\/div>\n\t\t\t\t<div class=\"elementor-element elementor-element-9a524f9 elementor-widget elementor-widget-heading\" data-id=\"9a524f9\" data-element_type=\"widget\" data-widget_type=\"heading.default\">\n\t\t\t\t<div class=\"elementor-widget-container\">\n\t\t\t<h2 class=\"elementor-heading-title elementor-size-default\">Apple, Tesla, Google, Amazon, Microsoft<\/h2>\t\t<\/div>\n\t\t\t\t<\/div>\n\t\t\t\t\t<\/div>\n\t\t<\/div>\n\t\t\t\t<div class=\"elementor-column elementor-col-50 elementor-inner-column elementor-element elementor-element-233b02ae\" data-id=\"233b02ae\" data-element_type=\"column\">\n\t\t\t<div class=\"elementor-widget-wrap elementor-element-populated\">\n\t\t\t\t\t\t<div class=\"elementor-element elementor-element-61fc6523 elementor-widget elementor-widget-html\" data-id=\"61fc6523\" data-element_type=\"widget\" data-widget_type=\"html.default\">\n\t\t\t\t<div class=\"elementor-widget-container\">\n\t\t\t<!-- TradingView Widget BEGIN -->\n<div class=\"tradingview-widget-container\">\n  <div class=\"tradingview-widget-container__widget\"><\/div>\n  <script type=\"text\/javascript\" src=\"https:\/\/s3.tradingview.com\/external-embedding\/embed-widget-mini-symbol-overview.js\" async>\n  {\n  \"symbol\": \"OANDA:SPX500USD\",\n  \"width\": \"100%\",\n  \"height\": \"100%\",\n  \"locale\": \"tr\",\n  \"dateRange\": \"1Y\",\n  \"colorTheme\": \"light\",\n  \"trendLineColor\": \"rgba(237, 188, 29, 1)\",\n  \"underLineColor\": \"rgba(237, 188, 29, 0.3)\",\n  \"underLineBottomColor\": \"rgba(237, 188, 29, 0)\",\n  \"isTransparent\": false,\n  \"autosize\": true,\n  \"largeChartUrl\": \"https:\/\/goldratetoday.com\/\"\n}\n  <\/script>\n<\/div>\n<!-- TradingView Widget END -->\t\t<\/div>\n\t\t\t\t<\/div>\n\t\t\t\t\t<\/div>\n\t\t<\/div>\n\t\t\t\t\t<\/div>\n\t\t<\/section>\n\t\t\t\t<section class=\"elementor-section elementor-inner-section elementor-element elementor-element-606acd80 elementor-section-boxed elementor-section-height-default elementor-section-height-default\" data-id=\"606acd80\" data-element_type=\"section\">\n\t\t\t\t\t\t<div class=\"elementor-container elementor-column-gap-default\">\n\t\t\t\t\t<div class=\"elementor-column elementor-col-100 elementor-inner-column elementor-element elementor-element-579e4284\" data-id=\"579e4284\" data-element_type=\"column\">\n\t\t\t<div class=\"elementor-widget-wrap elementor-element-populated\">\n\t\t\t\t\t\t<div class=\"elementor-element elementor-element-3af9d6e2 elementor-widget elementor-widget-html\" data-id=\"3af9d6e2\" data-element_type=\"widget\" data-widget_type=\"html.default\">\n\t\t\t\t<div class=\"elementor-widget-container\">\n\t\t\t<!-- TradingView Widget BEGIN -->\n<div class=\"tradingview-widget-container\">\n  <div class=\"tradingview-widget-container__widget\"><\/div>\n  <script type=\"text\/javascript\" src=\"https:\/\/s3.tradingview.com\/external-embedding\/embed-widget-ticker-tape.js\" async>\n  {\n  \"symbols\": [\n    {\n      \"description\": \"Apple\",\n      \"proName\": \"NASDAQ:AAPL\"\n    },\n    {\n      \"description\": \"Tesla\",\n      \"proName\": \"NASDAQ:TSLA\"\n    },\n    {\n      \"description\": \"Amazon\",\n      \"proName\": \"NASDAQ:AMZN\"\n    },\n    {\n      \"description\": \"Google\",\n      \"proName\": \"NASDAQ:GOOG\"\n    },\n    {\n      \"description\": \"Microsoft\",\n      \"proName\": \"NASDAQ:MSFT\"\n    },\n    {\n      \"description\": \"Coca-Cola\",\n      \"proName\": \"NYSE:KO\"\n    }\n  ],\n  \"showSymbolLogo\": true,\n  \"colorTheme\": \"light\",\n  \"isTransparent\": false,\n  \"largeChartUrl\": \"https:\/\/goldratetoday.com\/\",\n  \"displayMode\": \"adaptive\",\n  \"locale\": \"tr\"\n}\n  <\/script>\n<\/div>\n<!-- TradingView Widget END -->\t\t<\/div>\n\t\t\t\t<\/div>\n\t\t\t\t<div class=\"elementor-element elementor-element-a9f3059 elementor-widget elementor-widget-html\" data-id=\"a9f3059\" data-element_type=\"widget\" data-widget_type=\"html.default\">\n\t\t\t\t<div class=\"elementor-widget-container\">\n\t\t\t<!-- TradingView Widget BEGIN -->\n<div class=\"tradingview-widget-container\">\n  <div id=\"tradingview_b5f88\"><\/div>\n  <script type=\"text\/javascript\" src=\"https:\/\/s3.tradingview.com\/tv.js\"><\/script>\n  <script type=\"text\/javascript\">\n  new TradingView.widget(\n  {\n  \"autosize\": true,\n  \"symbol\": \"NASDAQ:AAPL\",\n  \"interval\": \"D\",\n  \"timezone\": \"Etc\/UTC\",\n  \"theme\": \"light\",\n  \"style\": \"1\",\n  \"locale\": \"tr\",\n  \"toolbar_bg\": \"#f1f3f6\",\n  \"enable_publishing\": false,\n  \"hide_legend\": true,\n  \"allow_symbol_change\": true,\n  \"container_id\": \"tradingview_b5f88\"\n}\n  );\n  <\/script>\n<\/div>\n<!-- TradingView Widget END -->\t\t<\/div>\n\t\t\t\t<\/div>\n\t\t\t\t\t<\/div>\n\t\t<\/div>\n\t\t\t\t\t<\/div>\n\t\t<\/section>\n\t\t\t\t\t<\/div>\n\t\t<\/div>\n\t\t\t\t\t<\/div>\n\t\t<\/section>\n\t\t<div class=\"elementor-element elementor-element-19f3145 bt e-flex e-con-boxed e-con e-parent\" data-id=\"19f3145\" data-element_type=\"container\">\n\t\t\t\t\t<div class=\"e-con-inner\">\n\t\t<div class=\"elementor-element elementor-element-fee1955 e-con-full e-flex e-con e-parent\" data-id=\"fee1955\" data-element_type=\"container\">\n\t\t<div class=\"elementor-element elementor-element-d7676c0 e-con-full e-flex e-con e-parent\" data-id=\"d7676c0\" data-element_type=\"container\">\n\t\t<div class=\"elementor-element elementor-element-694bb83 e-con-full e-flex e-con e-parent\" data-id=\"694bb83\" data-element_type=\"container\">\n\t\t\t\t<div class=\"elementor-element elementor-element-942f6cd elementor-widget elementor-widget-heading\" data-id=\"942f6cd\" data-element_type=\"widget\" data-widget_type=\"heading.default\">\n\t\t\t\t<div class=\"elementor-widget-container\">\n\t\t\t<h2 class=\"elementor-heading-title elementor-size-default\"><a href=\"\/news\">Latest news and articles<\/a><\/h2>\t\t<\/div>\n\t\t\t\t<\/div>\n\t\t\t\t<\/div>\n\t\t\t\t<\/div>\n\t\t\t\t<\/div>\n\t\t\t\t\t<\/div>\n\t\t\t\t<\/div>\n\t\t\t\t<\/div>\n\t\t","protected":false},"excerpt":{"rendered":"<p>G\u00fcncel hisse fiyatlar\u0131 Apple, Tesla, Google, Amazon, Microsoft Latest news and articles<\/p>\n","protected":false},"author":1,"featured_media":0,"parent":0,"menu_order":0,"comment_status":"closed","ping_status":"closed","template":"","meta":{"footnotes":""},"yoast_head":"<!-- This site is optimized with the Yoast SEO Premium plugin v22.5 (Yoast SEO v22.5) - https:\/\/yoast.com\/wordpress\/plugins\/seo\/ -->\n<title>G\u00fcncel hayvan fiyatlar\u0131 | GoldRateToday.com<\/title>\n<meta name=\"description\" content=\"\u00c7ok kapsaml\u0131 Canl\u0131 Hayvan Fiyat\u0131 Grafi\u011fi ile en son Hayvan fiyatlar\u0131n\u0131 ve piyasa hareketlerini \u00f6\u011frenin.\" \/>\n<meta name=\"robots\" content=\"index, follow, max-snippet:-1, max-image-preview:large, max-video-preview:-1\" \/>\n<link rel=\"canonical\" href=\"https:\/\/goldratetoday.com\/tr\/hisseler\/\" \/>\n<meta property=\"og:locale\" content=\"tr_TR\" \/>\n<meta property=\"og:type\" content=\"article\" \/>\n<meta property=\"og:title\" content=\"G\u00fcncel hayvan fiyatlar\u0131\" \/>\n<meta property=\"og:description\" content=\"\u00c7ok kapsaml\u0131 Canl\u0131 Hayvan Fiyat\u0131 Grafi\u011fi ile en son Hayvan fiyatlar\u0131n\u0131 ve piyasa hareketlerini \u00f6\u011frenin.\" \/>\n<meta property=\"og:url\" content=\"https:\/\/goldratetoday.com\/tr\/hisseler\/\" \/>\n<meta property=\"og:site_name\" content=\"GoldRateToday.com\" \/>\n<meta property=\"article:modified_time\" content=\"2023-05-18T09:14:44+00:00\" \/>\n<meta name=\"twitter:card\" content=\"summary_large_image\" \/>\n<meta name=\"twitter:label1\" content=\"Tahmini okuma s\u00fcresi\" \/>\n\t<meta name=\"twitter:data1\" content=\"1 dakika\" \/>\n<script type=\"application\/ld+json\" class=\"yoast-schema-graph\">{\"@context\":\"https:\/\/schema.org\",\"@graph\":[{\"@type\":\"WebPage\",\"@id\":\"https:\/\/goldratetoday.com\/tr\/hisseler\/\",\"url\":\"https:\/\/goldratetoday.com\/tr\/hisseler\/\",\"name\":\"G\u00fcncel hayvan fiyatlar\u0131 | GoldRateToday.com\",\"isPartOf\":{\"@id\":\"https:\/\/goldratetoday.com\/tr\/#website\"},\"datePublished\":\"2022-06-04T18:24:02+00:00\",\"dateModified\":\"2023-05-18T09:14:44+00:00\",\"description\":\"\u00c7ok kapsaml\u0131 Canl\u0131 Hayvan Fiyat\u0131 Grafi\u011fi ile en son Hayvan fiyatlar\u0131n\u0131 ve piyasa hareketlerini \u00f6\u011frenin.\",\"breadcrumb\":{\"@id\":\"https:\/\/goldratetoday.com\/tr\/hisseler\/#breadcrumb\"},\"inLanguage\":\"tr\",\"potentialAction\":[{\"@type\":\"ReadAction\",\"target\":[\"https:\/\/goldratetoday.com\/tr\/hisseler\/\"]}]},{\"@type\":\"BreadcrumbList\",\"@id\":\"https:\/\/goldratetoday.com\/tr\/hisseler\/#breadcrumb\",\"itemListElement\":[{\"@type\":\"ListItem\",\"position\":1,\"name\":\"Home\",\"item\":\"https:\/\/goldratetoday.com\/tr\/\"},{\"@type\":\"ListItem\",\"position\":2,\"name\":\"G\u00fcncel hayvan fiyatlar\u0131\"}]},{\"@type\":\"WebSite\",\"@id\":\"https:\/\/goldratetoday.com\/tr\/#website\",\"url\":\"https:\/\/goldratetoday.com\/tr\/\",\"name\":\"GoldRateToday.com\",\"description\":\"Live gold price\",\"publisher\":{\"@id\":\"https:\/\/goldratetoday.com\/tr\/#organization\"},\"potentialAction\":[{\"@type\":\"SearchAction\",\"target\":{\"@type\":\"EntryPoint\",\"urlTemplate\":\"https:\/\/goldratetoday.com\/tr\/?s={search_term_string}\"},\"query-input\":\"required name=search_term_string\"}],\"inLanguage\":\"tr\"},{\"@type\":\"Organization\",\"@id\":\"https:\/\/goldratetoday.com\/tr\/#organization\",\"name\":\"GoldRateToday.com\",\"url\":\"https:\/\/goldratetoday.com\/tr\/\",\"logo\":{\"@type\":\"ImageObject\",\"inLanguage\":\"tr\",\"@id\":\"https:\/\/goldratetoday.com\/tr\/#\/schema\/logo\/image\/\",\"url\":\"https:\/\/goldratetoday.com\/wp-content\/uploads\/2022\/06\/GoldRateToday-white.svg\",\"contentUrl\":\"https:\/\/goldratetoday.com\/wp-content\/uploads\/2022\/06\/GoldRateToday-white.svg\",\"width\":1167,\"height\":143,\"caption\":\"GoldRateToday.com\"},\"image\":{\"@id\":\"https:\/\/goldratetoday.com\/tr\/#\/schema\/logo\/image\/\"}}]}<\/script>\n<!-- \/ Yoast SEO Premium plugin. -->","yoast_head_json":{"title":"G\u00fcncel hayvan fiyatlar\u0131 | GoldRateToday.com","description":"\u00c7ok kapsaml\u0131 Canl\u0131 Hayvan Fiyat\u0131 Grafi\u011fi ile en son Hayvan fiyatlar\u0131n\u0131 ve piyasa hareketlerini \u00f6\u011frenin.","robots":{"index":"index","follow":"follow","max-snippet":"max-snippet:-1","max-image-preview":"max-image-preview:large","max-video-preview":"max-video-preview:-1"},"canonical":"https:\/\/goldratetoday.com\/tr\/hisseler\/","og_locale":"tr_TR","og_type":"article","og_title":"G\u00fcncel hayvan fiyatlar\u0131","og_description":"\u00c7ok kapsaml\u0131 Canl\u0131 Hayvan Fiyat\u0131 Grafi\u011fi ile en son Hayvan fiyatlar\u0131n\u0131 ve piyasa hareketlerini \u00f6\u011frenin.","og_url":"https:\/\/goldratetoday.com\/tr\/hisseler\/","og_site_name":"GoldRateToday.com","article_modified_time":"2023-05-18T09:14:44+00:00","twitter_card":"summary_large_image","twitter_misc":{"Tahmini okuma s\u00fcresi":"1 dakika"},"schema":{"@context":"https:\/\/schema.org","@graph":[{"@type":"WebPage","@id":"https:\/\/goldratetoday.com\/tr\/hisseler\/","url":"https:\/\/goldratetoday.com\/tr\/hisseler\/","name":"G\u00fcncel hayvan fiyatlar\u0131 | GoldRateToday.com","isPartOf":{"@id":"https:\/\/goldratetoday.com\/tr\/#website"},"datePublished":"2022-06-04T18:24:02+00:00","dateModified":"2023-05-18T09:14:44+00:00","description":"\u00c7ok kapsaml\u0131 Canl\u0131 Hayvan Fiyat\u0131 Grafi\u011fi ile en son Hayvan fiyatlar\u0131n\u0131 ve piyasa hareketlerini \u00f6\u011frenin.","breadcrumb":{"@id":"https:\/\/goldratetoday.com\/tr\/hisseler\/#breadcrumb"},"inLanguage":"tr","potentialAction":[{"@type":"ReadAction","target":["https:\/\/goldratetoday.com\/tr\/hisseler\/"]}]},{"@type":"BreadcrumbList","@id":"https:\/\/goldratetoday.com\/tr\/hisseler\/#breadcrumb","itemListElement":[{"@type":"ListItem","position":1,"name":"Home","item":"https:\/\/goldratetoday.com\/tr\/"},{"@type":"ListItem","position":2,"name":"G\u00fcncel hayvan fiyatlar\u0131"}]},{"@type":"WebSite","@id":"https:\/\/goldratetoday.com\/tr\/#website","url":"https:\/\/goldratetoday.com\/tr\/","name":"GoldRateToday.com","description":"Live gold price","publisher":{"@id":"https:\/\/goldratetoday.com\/tr\/#organization"},"potentialAction":[{"@type":"SearchAction","target":{"@type":"EntryPoint","urlTemplate":"https:\/\/goldratetoday.com\/tr\/?s={search_term_string}"},"query-input":"required name=search_term_string"}],"inLanguage":"tr"},{"@type":"Organization","@id":"https:\/\/goldratetoday.com\/tr\/#organization","name":"GoldRateToday.com","url":"https:\/\/goldratetoday.com\/tr\/","logo":{"@type":"ImageObject","inLanguage":"tr","@id":"https:\/\/goldratetoday.com\/tr\/#\/schema\/logo\/image\/","url":"https:\/\/goldratetoday.com\/wp-content\/uploads\/2022\/06\/GoldRateToday-white.svg","contentUrl":"https:\/\/goldratetoday.com\/wp-content\/uploads\/2022\/06\/GoldRateToday-white.svg","width":1167,"height":143,"caption":"GoldRateToday.com"},"image":{"@id":"https:\/\/goldratetoday.com\/tr\/#\/schema\/logo\/image\/"}}]}},"_links":{"self":[{"href":"https:\/\/goldratetoday.com\/tr\/wp-json\/wp\/v2\/pages\/4194"}],"collection":[{"href":"https:\/\/goldratetoday.com\/tr\/wp-json\/wp\/v2\/pages"}],"about":[{"href":"https:\/\/goldratetoday.com\/tr\/wp-json\/wp\/v2\/types\/page"}],"author":[{"embeddable":true,"href":"https:\/\/goldratetoday.com\/tr\/wp-json\/wp\/v2\/users\/1"}],"replies":[{"embeddable":true,"href":"https:\/\/goldratetoday.com\/tr\/wp-json\/wp\/v2\/comments?post=4194"}],"version-history":[{"count":4,"href":"https:\/\/goldratetoday.com\/tr\/wp-json\/wp\/v2\/pages\/4194\/revisions"}],"predecessor-version":[{"id":4198,"href":"https:\/\/goldratetoday.com\/tr\/wp-json\/wp\/v2\/pages\/4194\/revisions\/4198"}],"wp:attachment":[{"href":"https:\/\/goldratetoday.com\/tr\/wp-json\/wp\/v2\/media?parent=4194"}],"curies":[{"name":"wp","href":"https:\/\/api.w.org\/{rel}","templated":true}]}}