{"id":4184,"date":"2022-06-04T22:15:31","date_gmt":"2022-06-04T18:15:31","guid":{"rendered":"https:\/\/goldratetoday.com\/crypto\/"},"modified":"2023-05-18T13:15:46","modified_gmt":"2023-05-18T09:15:46","slug":"kripto","status":"publish","type":"page","link":"https:\/\/goldratetoday.com\/tr\/kripto\/","title":{"rendered":"G\u00fcncel kripto fiyatlar\u0131"},"content":{"rendered":"\t\t<div data-elementor-type=\"wp-page\" data-elementor-id=\"4184\" class=\"elementor elementor-4184 elementor-179\" data-elementor-post-type=\"page\">\n\t\t\t\t\t\t<section class=\"elementor-section elementor-top-section elementor-element elementor-element-487afdab elementor-section-boxed elementor-section-height-default elementor-section-height-default\" data-id=\"487afdab\" data-element_type=\"section\">\n\t\t\t\t\t\t<div class=\"elementor-container elementor-column-gap-default\">\n\t\t\t\t\t<div class=\"elementor-column elementor-col-100 elementor-top-column elementor-element elementor-element-265bb906\" data-id=\"265bb906\" data-element_type=\"column\">\n\t\t\t<div class=\"elementor-widget-wrap elementor-element-populated\">\n\t\t\t\t\t\t<section class=\"elementor-section elementor-inner-section elementor-element elementor-element-4b8e352c elementor-section-height-min-height elementor-section-boxed elementor-section-height-default\" data-id=\"4b8e352c\" data-element_type=\"section\">\n\t\t\t\t\t\t<div class=\"elementor-container elementor-column-gap-default\">\n\t\t\t\t\t<div class=\"elementor-column elementor-col-50 elementor-inner-column elementor-element elementor-element-900dda5\" data-id=\"900dda5\" data-element_type=\"column\">\n\t\t\t<div class=\"elementor-widget-wrap elementor-element-populated\">\n\t\t\t\t\t\t<div class=\"elementor-element elementor-element-15d23cc elementor-widget elementor-widget-heading\" data-id=\"15d23cc\" data-element_type=\"widget\" data-widget_type=\"heading.default\">\n\t\t\t\t<div class=\"elementor-widget-container\">\n\t\t\t<style>\/*! elementor - v3.21.0 - 18-04-2024 *\/\n.elementor-heading-title{padding:0;margin:0;line-height:1}.elementor-widget-heading .elementor-heading-title[class*=elementor-size-]>a{color:inherit;font-size:inherit;line-height:inherit}.elementor-widget-heading .elementor-heading-title.elementor-size-small{font-size:15px}.elementor-widget-heading .elementor-heading-title.elementor-size-medium{font-size:19px}.elementor-widget-heading .elementor-heading-title.elementor-size-large{font-size:29px}.elementor-widget-heading .elementor-heading-title.elementor-size-xl{font-size:39px}.elementor-widget-heading .elementor-heading-title.elementor-size-xxl{font-size:59px}<\/style><h1 class=\"elementor-heading-title elementor-size-default\">G\u00fcncel kripto fiyatlar\u0131<\/h1>\t\t<\/div>\n\t\t\t\t<\/div>\n\t\t\t\t<div class=\"elementor-element elementor-element-b06e30e elementor-widget elementor-widget-heading\" data-id=\"b06e30e\" data-element_type=\"widget\" data-widget_type=\"heading.default\">\n\t\t\t\t<div class=\"elementor-widget-container\">\n\t\t\t<h2 class=\"elementor-heading-title elementor-size-default\">G\u00fcncel Bitcoin, Ethereum, Dogecoin fiyatlar\u0131<\/h2>\t\t<\/div>\n\t\t\t\t<\/div>\n\t\t\t\t\t<\/div>\n\t\t<\/div>\n\t\t\t\t<div class=\"elementor-column elementor-col-50 elementor-inner-column elementor-element elementor-element-9ec5cb2\" data-id=\"9ec5cb2\" data-element_type=\"column\">\n\t\t\t<div class=\"elementor-widget-wrap elementor-element-populated\">\n\t\t\t\t\t\t<div class=\"elementor-element elementor-element-316b7d16 elementor-widget elementor-widget-html\" data-id=\"316b7d16\" data-element_type=\"widget\" data-widget_type=\"html.default\">\n\t\t\t\t<div class=\"elementor-widget-container\">\n\t\t\t<!-- TradingView Widget BEGIN -->\n<div class=\"tradingview-widget-container\">\n  <div class=\"tradingview-widget-container__widget\"><\/div>\n  <script type=\"text\/javascript\" src=\"https:\/\/s3.tradingview.com\/external-embedding\/embed-widget-mini-symbol-overview.js\" async>\n  {\n  \"symbol\": \"COINBASE:BTCUSD\",\n  \"width\": \"100%\",\n  \"height\": \"100%\",\n  \"locale\": \"tr\",\n  \"dateRange\": \"1Y\",\n  \"colorTheme\": \"light\",\n  \"trendLineColor\": \"rgba(237, 188, 29, 1)\",\n  \"underLineColor\": \"rgba(237, 188, 29, 0.3)\",\n  \"underLineBottomColor\": \"rgba(237, 188, 29, 0)\",\n  \"isTransparent\": false,\n  \"autosize\": true,\n  \"largeChartUrl\": \"https:\/\/goldratetoday.com\/\"\n}\n  <\/script>\n<\/div>\n<!-- TradingView Widget END -->\t\t<\/div>\n\t\t\t\t<\/div>\n\t\t\t\t\t<\/div>\n\t\t<\/div>\n\t\t\t\t\t<\/div>\n\t\t<\/section>\n\t\t\t\t<section class=\"elementor-section elementor-inner-section elementor-element elementor-element-49a6ae29 elementor-section-boxed elementor-section-height-default elementor-section-height-default\" data-id=\"49a6ae29\" data-element_type=\"section\">\n\t\t\t\t\t\t<div class=\"elementor-container elementor-column-gap-default\">\n\t\t\t\t\t<div class=\"elementor-column elementor-col-100 elementor-inner-column elementor-element elementor-element-5d7c9333\" data-id=\"5d7c9333\" data-element_type=\"column\">\n\t\t\t<div class=\"elementor-widget-wrap elementor-element-populated\">\n\t\t\t\t\t\t<div class=\"elementor-element elementor-element-46906cae elementor-widget elementor-widget-html\" data-id=\"46906cae\" data-element_type=\"widget\" data-widget_type=\"html.default\">\n\t\t\t\t<div class=\"elementor-widget-container\">\n\t\t\t<!-- TradingView Widget BEGIN -->\n<div class=\"tradingview-widget-container\">\n  <div class=\"tradingview-widget-container__widget\"><\/div>\n  <script type=\"text\/javascript\" src=\"https:\/\/s3.tradingview.com\/external-embedding\/embed-widget-ticker-tape.js\" async>\n  {\n  \"symbols\": [\n    {\n      \"description\": \"Bitcoin\",\n      \"proName\": \"COINBASE:BTCUSD\"\n    },\n    {\n      \"description\": \"Ethereum\",\n      \"proName\": \"COINBASE:ETHUSD\"\n    },\n    {\n      \"description\": \"Dogecoin\",\n      \"proName\": \"COINBASE:DOGEUSD\"\n    }\n  ],\n  \"showSymbolLogo\": true,\n  \"colorTheme\": \"light\",\n  \"isTransparent\": false,\n  \"largeChartUrl\": \"https:\/\/goldratetoday.com\/\",\n  \"displayMode\": \"adaptive\",\n  \"locale\": \"tr\"\n}\n  <\/script>\n<\/div>\n<!-- TradingView Widget END -->\t\t<\/div>\n\t\t\t\t<\/div>\n\t\t\t\t<div class=\"elementor-element elementor-element-59492fe9 elementor-widget elementor-widget-html\" data-id=\"59492fe9\" data-element_type=\"widget\" data-widget_type=\"html.default\">\n\t\t\t\t<div class=\"elementor-widget-container\">\n\t\t\t<!-- TradingView Widget BEGIN -->\n<div class=\"tradingview-widget-container\">\n  <div id=\"tradingview_b5f88\"><\/div>\n  <script type=\"text\/javascript\" src=\"https:\/\/s3.tradingview.com\/tv.js\"><\/script>\n  <script type=\"text\/javascript\">\n  new TradingView.widget(\n  {\n  \"autosize\": true,\n  \"symbol\": \"COINBASE:BTCUSD\",\n  \"interval\": \"D\",\n  \"timezone\": \"Etc\/UTC\",\n  \"theme\": \"light\",\n  \"style\": \"1\",\n  \"locale\": \"tr\",\n  \"toolbar_bg\": \"#f1f3f6\",\n  \"enable_publishing\": false,\n  \"hide_legend\": true,\n  \"allow_symbol_change\": true,\n  \"container_id\": \"tradingview_b5f88\"\n}\n  );\n  <\/script>\n<\/div>\n<!-- TradingView Widget END -->\t\t<\/div>\n\t\t\t\t<\/div>\n\t\t\t\t\t<\/div>\n\t\t<\/div>\n\t\t\t\t\t<\/div>\n\t\t<\/section>\n\t\t\t\t\t<\/div>\n\t\t<\/div>\n\t\t\t\t\t<\/div>\n\t\t<\/section>\n\t\t<div class=\"elementor-element elementor-element-91f48ec bt elementor-hidden-desktop elementor-hidden-tablet elementor-hidden-mobile e-flex e-con-boxed e-con e-parent\" data-id=\"91f48ec\" data-element_type=\"container\">\n\t\t\t\t\t<div class=\"e-con-inner\">\n\t\t<div class=\"elementor-element elementor-element-af413f5 e-con-full e-flex e-con e-parent\" data-id=\"af413f5\" data-element_type=\"container\">\n\t\t<div class=\"elementor-element elementor-element-ea0e8bb e-con-full e-flex e-con e-parent\" data-id=\"ea0e8bb\" data-element_type=\"container\">\n\t\t<div class=\"elementor-element elementor-element-dda3286 e-con-full e-flex e-con e-parent\" data-id=\"dda3286\" data-element_type=\"container\">\n\t\t\t\t<div class=\"elementor-element elementor-element-792c68a elementor-widget elementor-widget-heading\" data-id=\"792c68a\" data-element_type=\"widget\" data-widget_type=\"heading.default\">\n\t\t\t\t<div class=\"elementor-widget-container\">\n\t\t\t<h2 class=\"elementor-heading-title elementor-size-default\"><a href=\"\/news\">Son haber ve makaleler<\/a><\/h2>\t\t<\/div>\n\t\t\t\t<\/div>\n\t\t\t\t<\/div>\n\t\t\t\t<\/div>\n\t\t\t\t<\/div>\n\t\t\t\t\t<\/div>\n\t\t\t\t<\/div>\n\t\t\t\t<\/div>\n\t\t","protected":false},"excerpt":{"rendered":"<p>G\u00fcncel kripto fiyatlar\u0131 G\u00fcncel Bitcoin, Ethereum, Dogecoin fiyatlar\u0131 Son haber ve makaleler<\/p>\n","protected":false},"author":1,"featured_media":0,"parent":0,"menu_order":0,"comment_status":"closed","ping_status":"closed","template":"","meta":{"footnotes":""},"yoast_head":"<!-- This site is optimized with the Yoast SEO Premium plugin v22.5 (Yoast SEO v22.5) - https:\/\/yoast.com\/wordpress\/plugins\/seo\/ -->\n<title>G\u00fcncel kripto fiyatlar\u0131 | GoldRateToday.com<\/title>\n<meta name=\"description\" content=\"\u00c7ok kapsaml\u0131 Kripto Grafi\u011fi ile en son Kripto fiyatlar\u0131n\u0131 ve piyasa hareketlerini \u00f6\u011frenin.\" \/>\n<meta name=\"robots\" content=\"index, follow, max-snippet:-1, max-image-preview:large, max-video-preview:-1\" \/>\n<link rel=\"canonical\" href=\"https:\/\/goldratetoday.com\/tr\/kripto\/\" \/>\n<meta property=\"og:locale\" content=\"tr_TR\" \/>\n<meta property=\"og:type\" content=\"article\" \/>\n<meta property=\"og:title\" content=\"G\u00fcncel kripto fiyatlar\u0131\" \/>\n<meta property=\"og:description\" content=\"\u00c7ok kapsaml\u0131 Kripto Grafi\u011fi ile en son Kripto fiyatlar\u0131n\u0131 ve piyasa hareketlerini \u00f6\u011frenin.\" \/>\n<meta property=\"og:url\" content=\"https:\/\/goldratetoday.com\/tr\/kripto\/\" \/>\n<meta property=\"og:site_name\" content=\"GoldRateToday.com\" \/>\n<meta property=\"article:modified_time\" content=\"2023-05-18T09:15:46+00:00\" \/>\n<meta name=\"twitter:card\" content=\"summary_large_image\" \/>\n<meta name=\"twitter:label1\" content=\"Tahmini okuma s\u00fcresi\" \/>\n\t<meta name=\"twitter:data1\" content=\"1 dakika\" \/>\n<script type=\"application\/ld+json\" class=\"yoast-schema-graph\">{\"@context\":\"https:\/\/schema.org\",\"@graph\":[{\"@type\":\"WebPage\",\"@id\":\"https:\/\/goldratetoday.com\/tr\/kripto\/\",\"url\":\"https:\/\/goldratetoday.com\/tr\/kripto\/\",\"name\":\"G\u00fcncel kripto fiyatlar\u0131 | GoldRateToday.com\",\"isPartOf\":{\"@id\":\"https:\/\/goldratetoday.com\/tr\/#website\"},\"datePublished\":\"2022-06-04T18:15:31+00:00\",\"dateModified\":\"2023-05-18T09:15:46+00:00\",\"description\":\"\u00c7ok kapsaml\u0131 Kripto Grafi\u011fi ile en son Kripto fiyatlar\u0131n\u0131 ve piyasa hareketlerini \u00f6\u011frenin.\",\"breadcrumb\":{\"@id\":\"https:\/\/goldratetoday.com\/tr\/kripto\/#breadcrumb\"},\"inLanguage\":\"tr\",\"potentialAction\":[{\"@type\":\"ReadAction\",\"target\":[\"https:\/\/goldratetoday.com\/tr\/kripto\/\"]}]},{\"@type\":\"BreadcrumbList\",\"@id\":\"https:\/\/goldratetoday.com\/tr\/kripto\/#breadcrumb\",\"itemListElement\":[{\"@type\":\"ListItem\",\"position\":1,\"name\":\"Home\",\"item\":\"https:\/\/goldratetoday.com\/tr\/\"},{\"@type\":\"ListItem\",\"position\":2,\"name\":\"G\u00fcncel kripto fiyatlar\u0131\"}]},{\"@type\":\"WebSite\",\"@id\":\"https:\/\/goldratetoday.com\/tr\/#website\",\"url\":\"https:\/\/goldratetoday.com\/tr\/\",\"name\":\"GoldRateToday.com\",\"description\":\"Live gold price\",\"publisher\":{\"@id\":\"https:\/\/goldratetoday.com\/tr\/#organization\"},\"potentialAction\":[{\"@type\":\"SearchAction\",\"target\":{\"@type\":\"EntryPoint\",\"urlTemplate\":\"https:\/\/goldratetoday.com\/tr\/?s={search_term_string}\"},\"query-input\":\"required name=search_term_string\"}],\"inLanguage\":\"tr\"},{\"@type\":\"Organization\",\"@id\":\"https:\/\/goldratetoday.com\/tr\/#organization\",\"name\":\"GoldRateToday.com\",\"url\":\"https:\/\/goldratetoday.com\/tr\/\",\"logo\":{\"@type\":\"ImageObject\",\"inLanguage\":\"tr\",\"@id\":\"https:\/\/goldratetoday.com\/tr\/#\/schema\/logo\/image\/\",\"url\":\"https:\/\/goldratetoday.com\/wp-content\/uploads\/2022\/06\/GoldRateToday-white.svg\",\"contentUrl\":\"https:\/\/goldratetoday.com\/wp-content\/uploads\/2022\/06\/GoldRateToday-white.svg\",\"width\":1167,\"height\":143,\"caption\":\"GoldRateToday.com\"},\"image\":{\"@id\":\"https:\/\/goldratetoday.com\/tr\/#\/schema\/logo\/image\/\"}}]}<\/script>\n<!-- \/ Yoast SEO Premium plugin. -->","yoast_head_json":{"title":"G\u00fcncel kripto fiyatlar\u0131 | GoldRateToday.com","description":"\u00c7ok kapsaml\u0131 Kripto Grafi\u011fi ile en son Kripto fiyatlar\u0131n\u0131 ve piyasa hareketlerini \u00f6\u011frenin.","robots":{"index":"index","follow":"follow","max-snippet":"max-snippet:-1","max-image-preview":"max-image-preview:large","max-video-preview":"max-video-preview:-1"},"canonical":"https:\/\/goldratetoday.com\/tr\/kripto\/","og_locale":"tr_TR","og_type":"article","og_title":"G\u00fcncel kripto fiyatlar\u0131","og_description":"\u00c7ok kapsaml\u0131 Kripto Grafi\u011fi ile en son Kripto fiyatlar\u0131n\u0131 ve piyasa hareketlerini \u00f6\u011frenin.","og_url":"https:\/\/goldratetoday.com\/tr\/kripto\/","og_site_name":"GoldRateToday.com","article_modified_time":"2023-05-18T09:15:46+00:00","twitter_card":"summary_large_image","twitter_misc":{"Tahmini okuma s\u00fcresi":"1 dakika"},"schema":{"@context":"https:\/\/schema.org","@graph":[{"@type":"WebPage","@id":"https:\/\/goldratetoday.com\/tr\/kripto\/","url":"https:\/\/goldratetoday.com\/tr\/kripto\/","name":"G\u00fcncel kripto fiyatlar\u0131 | GoldRateToday.com","isPartOf":{"@id":"https:\/\/goldratetoday.com\/tr\/#website"},"datePublished":"2022-06-04T18:15:31+00:00","dateModified":"2023-05-18T09:15:46+00:00","description":"\u00c7ok kapsaml\u0131 Kripto Grafi\u011fi ile en son Kripto fiyatlar\u0131n\u0131 ve piyasa hareketlerini \u00f6\u011frenin.","breadcrumb":{"@id":"https:\/\/goldratetoday.com\/tr\/kripto\/#breadcrumb"},"inLanguage":"tr","potentialAction":[{"@type":"ReadAction","target":["https:\/\/goldratetoday.com\/tr\/kripto\/"]}]},{"@type":"BreadcrumbList","@id":"https:\/\/goldratetoday.com\/tr\/kripto\/#breadcrumb","itemListElement":[{"@type":"ListItem","position":1,"name":"Home","item":"https:\/\/goldratetoday.com\/tr\/"},{"@type":"ListItem","position":2,"name":"G\u00fcncel kripto fiyatlar\u0131"}]},{"@type":"WebSite","@id":"https:\/\/goldratetoday.com\/tr\/#website","url":"https:\/\/goldratetoday.com\/tr\/","name":"GoldRateToday.com","description":"Live gold price","publisher":{"@id":"https:\/\/goldratetoday.com\/tr\/#organization"},"potentialAction":[{"@type":"SearchAction","target":{"@type":"EntryPoint","urlTemplate":"https:\/\/goldratetoday.com\/tr\/?s={search_term_string}"},"query-input":"required name=search_term_string"}],"inLanguage":"tr"},{"@type":"Organization","@id":"https:\/\/goldratetoday.com\/tr\/#organization","name":"GoldRateToday.com","url":"https:\/\/goldratetoday.com\/tr\/","logo":{"@type":"ImageObject","inLanguage":"tr","@id":"https:\/\/goldratetoday.com\/tr\/#\/schema\/logo\/image\/","url":"https:\/\/goldratetoday.com\/wp-content\/uploads\/2022\/06\/GoldRateToday-white.svg","contentUrl":"https:\/\/goldratetoday.com\/wp-content\/uploads\/2022\/06\/GoldRateToday-white.svg","width":1167,"height":143,"caption":"GoldRateToday.com"},"image":{"@id":"https:\/\/goldratetoday.com\/tr\/#\/schema\/logo\/image\/"}}]}},"_links":{"self":[{"href":"https:\/\/goldratetoday.com\/tr\/wp-json\/wp\/v2\/pages\/4184"}],"collection":[{"href":"https:\/\/goldratetoday.com\/tr\/wp-json\/wp\/v2\/pages"}],"about":[{"href":"https:\/\/goldratetoday.com\/tr\/wp-json\/wp\/v2\/types\/page"}],"author":[{"embeddable":true,"href":"https:\/\/goldratetoday.com\/tr\/wp-json\/wp\/v2\/users\/1"}],"replies":[{"embeddable":true,"href":"https:\/\/goldratetoday.com\/tr\/wp-json\/wp\/v2\/comments?post=4184"}],"version-history":[{"count":10,"href":"https:\/\/goldratetoday.com\/tr\/wp-json\/wp\/v2\/pages\/4184\/revisions"}],"predecessor-version":[{"id":4201,"href":"https:\/\/goldratetoday.com\/tr\/wp-json\/wp\/v2\/pages\/4184\/revisions\/4201"}],"wp:attachment":[{"href":"https:\/\/goldratetoday.com\/tr\/wp-json\/wp\/v2\/media?parent=4184"}],"curies":[{"name":"wp","href":"https:\/\/api.w.org\/{rel}","templated":true}]}}