{"id":4170,"date":"2023-04-28T13:44:43","date_gmt":"2023-04-28T09:44:43","guid":{"rendered":"https:\/\/goldratetoday.com\/silver\/"},"modified":"2023-05-22T12:14:33","modified_gmt":"2023-05-22T08:14:33","slug":"gumus","status":"publish","type":"page","link":"https:\/\/goldratetoday.com\/tr\/gumus\/","title":{"rendered":"G\u00fcncel g\u00fcm\u00fc\u015f fiyatlar\u0131"},"content":{"rendered":"\t\t<div data-elementor-type=\"wp-page\" data-elementor-id=\"4170\" class=\"elementor elementor-4170 elementor-2914\" data-elementor-post-type=\"page\">\n\t\t\t\t<div class=\"elementor-element elementor-element-60473402 e-flex e-con-boxed e-con e-parent\" data-id=\"60473402\" data-element_type=\"container\">\n\t\t\t\t\t<div class=\"e-con-inner\">\n\t\t<div class=\"elementor-element elementor-element-a89c440 e-con-full e-flex e-con e-parent\" data-id=\"a89c440\" data-element_type=\"container\">\n\t\t<div class=\"elementor-element elementor-element-76eb173c e-con-full e-flex e-con e-parent\" data-id=\"76eb173c\" data-element_type=\"container\">\n\t\t<div class=\"elementor-element elementor-element-3beccd23 e-flex e-con-boxed e-con e-parent\" data-id=\"3beccd23\" data-element_type=\"container\">\n\t\t\t\t\t<div class=\"e-con-inner\">\n\t\t<div class=\"elementor-element elementor-element-23553636 e-con-full e-flex e-con e-parent\" data-id=\"23553636\" data-element_type=\"container\" id=\"priceChangeMain\">\n\t\t\t\t<div class=\"elementor-element elementor-element-24ca1e65 elementor-widget elementor-widget-heading\" data-id=\"24ca1e65\" data-element_type=\"widget\" data-widget_type=\"heading.default\">\n\t\t\t\t<div class=\"elementor-widget-container\">\n\t\t\t<style>\/*! elementor - v3.21.0 - 18-04-2024 *\/\n.elementor-heading-title{padding:0;margin:0;line-height:1}.elementor-widget-heading .elementor-heading-title[class*=elementor-size-]>a{color:inherit;font-size:inherit;line-height:inherit}.elementor-widget-heading .elementor-heading-title.elementor-size-small{font-size:15px}.elementor-widget-heading .elementor-heading-title.elementor-size-medium{font-size:19px}.elementor-widget-heading .elementor-heading-title.elementor-size-large{font-size:29px}.elementor-widget-heading .elementor-heading-title.elementor-size-xl{font-size:39px}.elementor-widget-heading .elementor-heading-title.elementor-size-xxl{font-size:59px}<\/style><h1 class=\"elementor-heading-title elementor-size-default\">G\u00fcncel g\u00fcm\u00fc\u015f fiyatlar\u0131<\/h1>\t\t<\/div>\n\t\t\t\t<\/div>\n\t\t\t\t<\/div>\n\t\t<div class=\"elementor-element elementor-element-2626cee4 e-con-full e-flex e-con e-parent\" data-id=\"2626cee4\" data-element_type=\"container\" id=\"marketStatus\">\n\t\t\t\t<\/div>\n\t\t\t\t\t<\/div>\n\t\t\t\t<\/div>\n\t\t<div class=\"elementor-element elementor-element-4993f33e bb e-con-full e-flex e-con e-parent\" data-id=\"4993f33e\" data-element_type=\"container\">\n\t\t<div class=\"elementor-element elementor-element-7e4f957b e-flex e-con-boxed e-con e-parent\" data-id=\"7e4f957b\" data-element_type=\"container\">\n\t\t\t\t\t<div class=\"e-con-inner\">\n\t\t<div class=\"elementor-element elementor-element-1fbf655a e-con-full e-flex e-con e-parent\" data-id=\"1fbf655a\" data-element_type=\"container\">\n\t\t\t\t<div class=\"elementor-element elementor-element-61a582bf elementor-widget elementor-widget-heading\" data-id=\"61a582bf\" data-element_type=\"widget\" data-widget_type=\"heading.default\">\n\t\t\t\t<div class=\"elementor-widget-container\">\n\t\t\t<span class=\"elementor-heading-title elementor-size-default\">A\u00e7\u0131l\u0131\u015f<\/span>\t\t<\/div>\n\t\t\t\t<\/div>\n\t\t\t\t<div class=\"elementor-element elementor-element-2fe1a6d1 elementor-widget elementor-widget-heading\" data-id=\"2fe1a6d1\" data-element_type=\"widget\" id=\"priceOpen\" data-widget_type=\"heading.default\">\n\t\t\t\t<div class=\"elementor-widget-container\">\n\t\t\t<span class=\"elementor-heading-title elementor-size-default\">  -<\/span>\t\t<\/div>\n\t\t\t\t<\/div>\n\t\t\t\t<\/div>\n\t\t<div class=\"elementor-element elementor-element-6f262a78 e-con-full e-flex e-con e-parent\" data-id=\"6f262a78\" data-element_type=\"container\">\n\t\t\t\t<div class=\"elementor-element elementor-element-39e1df97 elementor-widget elementor-widget-heading\" data-id=\"39e1df97\" data-element_type=\"widget\" data-widget_type=\"heading.default\">\n\t\t\t\t<div class=\"elementor-widget-container\">\n\t\t\t<span class=\"elementor-heading-title elementor-size-default\">Y\u00fcksek<\/span>\t\t<\/div>\n\t\t\t\t<\/div>\n\t\t\t\t<div class=\"elementor-element elementor-element-16758046 elementor-widget elementor-widget-heading\" data-id=\"16758046\" data-element_type=\"widget\" id=\"priceHigh\" data-widget_type=\"heading.default\">\n\t\t\t\t<div class=\"elementor-widget-container\">\n\t\t\t<span class=\"elementor-heading-title elementor-size-default\">-<\/span>\t\t<\/div>\n\t\t\t\t<\/div>\n\t\t\t\t<\/div>\n\t\t<div class=\"elementor-element elementor-element-4f724d7d e-con-full e-flex e-con e-parent\" data-id=\"4f724d7d\" data-element_type=\"container\">\n\t\t\t\t<div class=\"elementor-element elementor-element-61b33f81 elementor-widget elementor-widget-heading\" data-id=\"61b33f81\" data-element_type=\"widget\" data-widget_type=\"heading.default\">\n\t\t\t\t<div class=\"elementor-widget-container\">\n\t\t\t<span class=\"elementor-heading-title elementor-size-default\">D\u00fc\u015f\u00fck<\/span>\t\t<\/div>\n\t\t\t\t<\/div>\n\t\t\t\t<div class=\"elementor-element elementor-element-d91d9ee elementor-widget elementor-widget-heading\" data-id=\"d91d9ee\" data-element_type=\"widget\" id=\"priceLow\" data-widget_type=\"heading.default\">\n\t\t\t\t<div class=\"elementor-widget-container\">\n\t\t\t<span class=\"elementor-heading-title elementor-size-default\">-<\/span>\t\t<\/div>\n\t\t\t\t<\/div>\n\t\t\t\t<\/div>\n\t\t<div class=\"elementor-element elementor-element-117cb696 e-con-full e-flex e-con e-parent\" data-id=\"117cb696\" data-element_type=\"container\">\n\t\t\t\t<div class=\"elementor-element elementor-element-aa0f480 elementor-widget elementor-widget-heading\" data-id=\"aa0f480\" data-element_type=\"widget\" data-widget_type=\"heading.default\">\n\t\t\t\t<div class=\"elementor-widget-container\">\n\t\t\t<span class=\"elementor-heading-title elementor-size-default\">Kapan\u0131\u015f<\/span>\t\t<\/div>\n\t\t\t\t<\/div>\n\t\t\t\t<div class=\"elementor-element elementor-element-6857849e elementor-widget elementor-widget-heading\" data-id=\"6857849e\" data-element_type=\"widget\" id=\"priceClose\" data-widget_type=\"heading.default\">\n\t\t\t\t<div class=\"elementor-widget-container\">\n\t\t\t<span class=\"elementor-heading-title elementor-size-default\">-<\/span>\t\t<\/div>\n\t\t\t\t<\/div>\n\t\t\t\t<\/div>\n\t\t\t\t\t<\/div>\n\t\t\t\t<\/div>\n\t\t\t\t<div class=\"elementor-element elementor-element-9a75367 elementor-widget elementor-widget-html\" data-id=\"9a75367\" data-element_type=\"widget\" id=\"chartContainer\" data-widget_type=\"html.default\">\n\t\t\t\t<div class=\"elementor-widget-container\">\n\t\t\t<script>\nloadRates(\"SILVER\",\"USD\",\"tr\");\n<\/script>\t\t<\/div>\n\t\t\t\t<\/div>\n\t\t\t\t<\/div>\n\t\t\t\t<div class=\"elementor-element elementor-element-749e3a3e bb elementor-widget elementor-widget-text-editor\" data-id=\"749e3a3e\" data-element_type=\"widget\" id=\"priceChangeDaily\" data-widget_type=\"text-editor.default\">\n\t\t\t\t<div class=\"elementor-widget-container\">\n\t\t\t<style>\/*! elementor - v3.21.0 - 18-04-2024 *\/\n.elementor-widget-text-editor.elementor-drop-cap-view-stacked .elementor-drop-cap{background-color:#69727d;color:#fff}.elementor-widget-text-editor.elementor-drop-cap-view-framed .elementor-drop-cap{color:#69727d;border:3px solid;background-color:transparent}.elementor-widget-text-editor:not(.elementor-drop-cap-view-default) .elementor-drop-cap{margin-top:8px}.elementor-widget-text-editor:not(.elementor-drop-cap-view-default) .elementor-drop-cap-letter{width:1em;height:1em}.elementor-widget-text-editor .elementor-drop-cap{float:left;text-align:center;line-height:1;font-size:50px}.elementor-widget-text-editor .elementor-drop-cap-letter{display:inline-block}<\/style>\t\t\t\t<h3>\u00a0<\/h3>\t\t\t\t\t\t<\/div>\n\t\t\t\t<\/div>\n\t\t\t\t<div class=\"elementor-element elementor-element-398532b5 elementor-widget elementor-widget-text-editor\" data-id=\"398532b5\" data-element_type=\"widget\" id=\"priceChangeWeekly\" data-widget_type=\"text-editor.default\">\n\t\t\t\t<div class=\"elementor-widget-container\">\n\t\t\t\t\t\t\t<h3>\u00a0<\/h3>\t\t\t\t\t\t<\/div>\n\t\t\t\t<\/div>\n\t\t\t\t<\/div>\n\t\t<div class=\"elementor-element elementor-element-2e69dad5 bl e-con-full e-flex e-con e-parent\" data-id=\"2e69dad5\" data-element_type=\"container\">\n\t\t<div class=\"elementor-element elementor-element-6d2c7598 e-flex e-con-boxed e-con e-parent\" data-id=\"6d2c7598\" data-element_type=\"container\">\n\t\t\t\t\t<div class=\"e-con-inner\">\n\t\t<div class=\"elementor-element elementor-element-32973a26 e-con-full e-flex e-con e-parent\" data-id=\"32973a26\" data-element_type=\"container\">\n\t\t\t\t<div class=\"elementor-element elementor-element-2bbb714d elementor-widget elementor-widget-heading\" data-id=\"2bbb714d\" data-element_type=\"widget\" data-widget_type=\"heading.default\">\n\t\t\t\t<div class=\"elementor-widget-container\">\n\t\t\t<h2 class=\"elementor-heading-title elementor-size-default\">G\u00fcncel tahmini k\u00fcl\u00e7e g\u00fcm\u00fc\u015f fiyatlar\u0131<\/h2>\t\t<\/div>\n\t\t\t\t<\/div>\n\t\t\t\t<\/div>\n\t\t\t\t\t<\/div>\n\t\t\t\t<\/div>\n\t\t\t\t<div class=\"elementor-element elementor-element-6355ec52 elementor-widget elementor-widget-html\" data-id=\"6355ec52\" data-element_type=\"widget\" data-widget_type=\"html.default\">\n\t\t\t\t<div class=\"elementor-widget-container\">\n\t\t\t<div class=\"tableContainer SILVER\">\n<table>\n    <thead>\n        <tr>\n            <th>K\u00dcL\u00c7E G\u00dcM\u00dc\u015e A\u011eIRLI\u011eI<\/th>\n            <th>F\u0130YAT<\/th>\n        <\/tr>\n    <\/thead>\n    <tbody>\n        <tr>\n            <td>10 gram (0.32 ons)<\/td>\n            <td class=\"10grams\"><\/td>\n        <\/tr>\n        <tr>\n            <td>20 gram (0.64 ons)<\/td>\n            <td class=\"20grams\"><\/td>\n        <\/tr>\n        <tr>\n            <td>1 ons<\/td>\n            <td class=\"1troy\"><\/td>\n        <\/tr>\n        <tr>\n            <td>50 gram (1.6 ons)<\/td>\n            <td class=\"50grams\"><\/td>\n        <\/tr>\n        <tr>\n            <td>100 gram (3.22 ons)<\/td>\n            <td class=\"100grams\"><\/td>\n        <\/tr>\n        <tr>\n            <td>5 ons<\/td>\n            <td class=\"5troy\"><\/td>\n        <\/tr>\n        <tr>\n            <td>250 gram (8.04 ons)<\/td>\n            <td class=\"250grams\"><\/td>\n        <\/tr>\n        <tr>\n            <td>10 ons<\/td>\n            <td class=\"10troy\"><\/td>\n        <\/tr>\n        <tr>\n            <td>500 gram (16.08 ons)<\/td>\n            <td class=\"500grams\"><\/td>\n        <\/tr>\n        <tr>\n            <td>1 kilogram (32.15 ons)<\/td>\n            <td class=\"1kg\"><\/td>\n        <\/tr>\n    <\/tbody>\n<\/table>\n<\/div>\t\t<\/div>\n\t\t\t\t<\/div>\n\t\t\t\t<\/div>\n\t\t\t\t<\/div>\n\t\t\t\t\t<\/div>\n\t\t\t\t<\/div>\n\t\t<div class=\"elementor-element elementor-element-535904b bt elementor-hidden-desktop elementor-hidden-tablet elementor-hidden-mobile e-flex e-con-boxed e-con e-parent\" data-id=\"535904b\" data-element_type=\"container\">\n\t\t\t\t\t<div class=\"e-con-inner\">\n\t\t<div class=\"elementor-element elementor-element-276b6fc e-con-full e-flex e-con e-parent\" data-id=\"276b6fc\" data-element_type=\"container\">\n\t\t<div class=\"elementor-element elementor-element-3539344 e-con-full e-flex e-con e-parent\" data-id=\"3539344\" data-element_type=\"container\">\n\t\t<div class=\"elementor-element elementor-element-1479b99 e-con-full e-flex e-con e-parent\" data-id=\"1479b99\" data-element_type=\"container\">\n\t\t\t\t<div class=\"elementor-element elementor-element-276882c elementor-widget elementor-widget-heading\" data-id=\"276882c\" data-element_type=\"widget\" data-widget_type=\"heading.default\">\n\t\t\t\t<div class=\"elementor-widget-container\">\n\t\t\t<h2 class=\"elementor-heading-title elementor-size-default\"><a href=\"\/news\">Son haber ve makaleler<\/a><\/h2>\t\t<\/div>\n\t\t\t\t<\/div>\n\t\t\t\t<\/div>\n\t\t\t\t<\/div>\n\t\t\t\t<\/div>\n\t\t\t\t\t<\/div>\n\t\t\t\t<\/div>\n\t\t<div class=\"elementor-element elementor-element-b11a79f e-flex e-con-boxed e-con e-parent\" data-id=\"b11a79f\" data-element_type=\"container\">\n\t\t\t\t\t<div class=\"e-con-inner\">\n\t\t<div class=\"elementor-element elementor-element-0fb8d25 e-con-full e-flex e-con e-parent\" data-id=\"0fb8d25\" data-element_type=\"container\">\n\t\t<div class=\"elementor-element elementor-element-590a50d e-con-full e-flex e-con e-parent\" data-id=\"590a50d\" data-element_type=\"container\">\n\t\t<div class=\"elementor-element elementor-element-b351506 e-con-full e-flex e-con e-parent\" data-id=\"b351506\" data-element_type=\"container\">\n\t\t\t\t<div class=\"elementor-element elementor-element-11506e4 elementor-widget elementor-widget-html\" data-id=\"11506e4\" data-element_type=\"widget\" data-widget_type=\"html.default\">\n\t\t\t\t<div class=\"elementor-widget-container\">\n\t\t\t<!-- TradingView Widget BEGIN -->\n<div class=\"tradingview-widget-container\">\n  <div class=\"tradingview-widget-container__widget\"><\/div>\n  <script defer type=\"text\/javascript\" src=\"https:\/\/s3.tradingview.com\/external-embedding\/embed-widget-ticker-tape.js\" async>\n  {\n  \"symbols\": [\n    {\n      \"description\": \"Gold\",\n      \"proName\": \"FOREXCOM:XAUUSD\"\n    },\n    {\n      \"description\": \"Silver\",\n      \"proName\": \"FOREXCOM:XAGUSD\"\n    },\n    {\n      \"description\": \"Platinum\",\n      \"proName\": \"XPTUSD\"\n    },\n    {\n      \"description\": \"Palladium\",\n      \"proName\": \"XPDUSD\"\n    }\n  ],\n  \"showSymbolLogo\": true,\n  \"colorTheme\": \"light\",\n  \"isTransparent\": false,\n  \"largeChartUrl\": \"https:\/\/goldratetoday.com\/\",\n  \"displayMode\": \"adaptive\",\n  \"locale\": \"tr\"\n}\n  <\/script>\n<\/div>\n<!-- TradingView Widget END -->\t\t<\/div>\n\t\t\t\t<\/div>\n\t\t\t\t<div class=\"elementor-element elementor-element-ee88536 elementor-widget elementor-widget-html\" data-id=\"ee88536\" data-element_type=\"widget\" data-widget_type=\"html.default\">\n\t\t\t\t<div class=\"elementor-widget-container\">\n\t\t\t<!-- TradingView Widget BEGIN -->\n<div class=\"tradingview-widget-container\">\n  <div id=\"tradingview_b5f88\"><\/div>\n  <script defer type=\"text\/javascript\" src=\"https:\/\/s3.tradingview.com\/tv.js\"><\/script>\n  <script type=\"text\/javascript\">\n  window.onload = function() {\n      new TradingView.widget(\n          {\n          \"autosize\": true,\n          \"symbol\": \"FOREXCOM:XAGUSD\",\n          \"interval\": \"D\",\n          \"timezone\": \"Etc\/UTC\",\n          \"theme\": \"light\",\n          \"style\": \"1\",\n          \"locale\": \"tr\",\n          \"toolbar_bg\": \"#f1f3f6\",\n          \"enable_publishing\": false,\n          \"hide_legend\": true,\n          \"allow_symbol_change\": true,\n          \"container_id\": \"tradingview_b5f88\"\n        }\n      );\n    }\n  <\/script>\n<\/div>\n<!-- TradingView Widget END -->\t\t<\/div>\n\t\t\t\t<\/div>\n\t\t\t\t<\/div>\n\t\t\t\t<\/div>\n\t\t\t\t<\/div>\n\t\t\t\t\t<\/div>\n\t\t\t\t<\/div>\n\t\t\t\t<\/div>\n\t\t","protected":false},"excerpt":{"rendered":"<p>G\u00fcncel g\u00fcm\u00fc\u015f fiyatlar\u0131 A\u00e7\u0131l\u0131\u015f &#8211; Y\u00fcksek &#8211; D\u00fc\u015f\u00fck &#8211; Kapan\u0131\u015f &#8211; \u00a0 \u00a0 G\u00fcncel tahmini k\u00fcl\u00e7e g\u00fcm\u00fc\u015f fiyatlar\u0131 K\u00dcL\u00c7E G\u00dcM\u00dc\u015e A\u011eIRLI\u011eI F\u0130YAT 10 gram (0.32 ons) 20 gram (0.64 ons) 1 ons 50 gram (1.6 ons) 100 gram (3.22 ons) 5 ons 250 gram (8.04 ons) 10 ons 500 gram (16.08 ons) 1 kilogram (32.15 [&hellip;]<\/p>\n","protected":false},"author":1,"featured_media":0,"parent":0,"menu_order":0,"comment_status":"closed","ping_status":"closed","template":"","meta":{"footnotes":""},"yoast_head":"<!-- This site is optimized with the Yoast SEO Premium plugin v22.5 (Yoast SEO v22.5) - https:\/\/yoast.com\/wordpress\/plugins\/seo\/ -->\n<title>G\u00fcncel g\u00fcm\u00fc\u015f fiyatlar\u0131 | GoldRateToday.com<\/title>\n<meta name=\"description\" content=\"G\u00fcncel G\u00fcm\u00fc\u015f Fiyatlar\u0131 Grafi\u011fi ile en son g\u00fcm\u00fc\u015f piyasa hareketleri ve fiyatlar\u0131ndan haberdar olun.\" \/>\n<meta name=\"robots\" content=\"index, follow, max-snippet:-1, max-image-preview:large, max-video-preview:-1\" \/>\n<link rel=\"canonical\" href=\"https:\/\/goldratetoday.com\/tr\/gumus\/\" \/>\n<meta property=\"og:locale\" content=\"tr_TR\" \/>\n<meta property=\"og:type\" content=\"article\" \/>\n<meta property=\"og:title\" content=\"G\u00fcncel g\u00fcm\u00fc\u015f fiyatlar\u0131\" \/>\n<meta property=\"og:description\" content=\"G\u00fcncel G\u00fcm\u00fc\u015f Fiyatlar\u0131 Grafi\u011fi ile en son g\u00fcm\u00fc\u015f piyasa hareketleri ve fiyatlar\u0131ndan haberdar olun.\" \/>\n<meta property=\"og:url\" content=\"https:\/\/goldratetoday.com\/tr\/gumus\/\" \/>\n<meta property=\"og:site_name\" content=\"GoldRateToday.com\" \/>\n<meta property=\"article:modified_time\" content=\"2023-05-22T08:14:33+00:00\" \/>\n<meta name=\"twitter:card\" content=\"summary_large_image\" \/>\n<meta name=\"twitter:label1\" content=\"Tahmini okuma s\u00fcresi\" \/>\n\t<meta name=\"twitter:data1\" content=\"1 dakika\" \/>\n<script type=\"application\/ld+json\" class=\"yoast-schema-graph\">{\"@context\":\"https:\/\/schema.org\",\"@graph\":[{\"@type\":\"WebPage\",\"@id\":\"https:\/\/goldratetoday.com\/tr\/gumus\/\",\"url\":\"https:\/\/goldratetoday.com\/tr\/gumus\/\",\"name\":\"G\u00fcncel g\u00fcm\u00fc\u015f fiyatlar\u0131 | GoldRateToday.com\",\"isPartOf\":{\"@id\":\"https:\/\/goldratetoday.com\/tr\/#website\"},\"datePublished\":\"2023-04-28T09:44:43+00:00\",\"dateModified\":\"2023-05-22T08:14:33+00:00\",\"description\":\"G\u00fcncel G\u00fcm\u00fc\u015f Fiyatlar\u0131 Grafi\u011fi ile en son g\u00fcm\u00fc\u015f piyasa hareketleri ve fiyatlar\u0131ndan haberdar olun.\",\"breadcrumb\":{\"@id\":\"https:\/\/goldratetoday.com\/tr\/gumus\/#breadcrumb\"},\"inLanguage\":\"tr\",\"potentialAction\":[{\"@type\":\"ReadAction\",\"target\":[\"https:\/\/goldratetoday.com\/tr\/gumus\/\"]}]},{\"@type\":\"BreadcrumbList\",\"@id\":\"https:\/\/goldratetoday.com\/tr\/gumus\/#breadcrumb\",\"itemListElement\":[{\"@type\":\"ListItem\",\"position\":1,\"name\":\"Home\",\"item\":\"https:\/\/goldratetoday.com\/tr\/\"},{\"@type\":\"ListItem\",\"position\":2,\"name\":\"G\u00fcncel g\u00fcm\u00fc\u015f fiyatlar\u0131\"}]},{\"@type\":\"WebSite\",\"@id\":\"https:\/\/goldratetoday.com\/tr\/#website\",\"url\":\"https:\/\/goldratetoday.com\/tr\/\",\"name\":\"GoldRateToday.com\",\"description\":\"Live gold price\",\"publisher\":{\"@id\":\"https:\/\/goldratetoday.com\/tr\/#organization\"},\"potentialAction\":[{\"@type\":\"SearchAction\",\"target\":{\"@type\":\"EntryPoint\",\"urlTemplate\":\"https:\/\/goldratetoday.com\/tr\/?s={search_term_string}\"},\"query-input\":\"required name=search_term_string\"}],\"inLanguage\":\"tr\"},{\"@type\":\"Organization\",\"@id\":\"https:\/\/goldratetoday.com\/tr\/#organization\",\"name\":\"GoldRateToday.com\",\"url\":\"https:\/\/goldratetoday.com\/tr\/\",\"logo\":{\"@type\":\"ImageObject\",\"inLanguage\":\"tr\",\"@id\":\"https:\/\/goldratetoday.com\/tr\/#\/schema\/logo\/image\/\",\"url\":\"https:\/\/goldratetoday.com\/wp-content\/uploads\/2022\/06\/GoldRateToday-white.svg\",\"contentUrl\":\"https:\/\/goldratetoday.com\/wp-content\/uploads\/2022\/06\/GoldRateToday-white.svg\",\"width\":1167,\"height\":143,\"caption\":\"GoldRateToday.com\"},\"image\":{\"@id\":\"https:\/\/goldratetoday.com\/tr\/#\/schema\/logo\/image\/\"}}]}<\/script>\n<!-- \/ Yoast SEO Premium plugin. -->","yoast_head_json":{"title":"G\u00fcncel g\u00fcm\u00fc\u015f fiyatlar\u0131 | GoldRateToday.com","description":"G\u00fcncel G\u00fcm\u00fc\u015f Fiyatlar\u0131 Grafi\u011fi ile en son g\u00fcm\u00fc\u015f piyasa hareketleri ve fiyatlar\u0131ndan haberdar olun.","robots":{"index":"index","follow":"follow","max-snippet":"max-snippet:-1","max-image-preview":"max-image-preview:large","max-video-preview":"max-video-preview:-1"},"canonical":"https:\/\/goldratetoday.com\/tr\/gumus\/","og_locale":"tr_TR","og_type":"article","og_title":"G\u00fcncel g\u00fcm\u00fc\u015f fiyatlar\u0131","og_description":"G\u00fcncel G\u00fcm\u00fc\u015f Fiyatlar\u0131 Grafi\u011fi ile en son g\u00fcm\u00fc\u015f piyasa hareketleri ve fiyatlar\u0131ndan haberdar olun.","og_url":"https:\/\/goldratetoday.com\/tr\/gumus\/","og_site_name":"GoldRateToday.com","article_modified_time":"2023-05-22T08:14:33+00:00","twitter_card":"summary_large_image","twitter_misc":{"Tahmini okuma s\u00fcresi":"1 dakika"},"schema":{"@context":"https:\/\/schema.org","@graph":[{"@type":"WebPage","@id":"https:\/\/goldratetoday.com\/tr\/gumus\/","url":"https:\/\/goldratetoday.com\/tr\/gumus\/","name":"G\u00fcncel g\u00fcm\u00fc\u015f fiyatlar\u0131 | GoldRateToday.com","isPartOf":{"@id":"https:\/\/goldratetoday.com\/tr\/#website"},"datePublished":"2023-04-28T09:44:43+00:00","dateModified":"2023-05-22T08:14:33+00:00","description":"G\u00fcncel G\u00fcm\u00fc\u015f Fiyatlar\u0131 Grafi\u011fi ile en son g\u00fcm\u00fc\u015f piyasa hareketleri ve fiyatlar\u0131ndan haberdar olun.","breadcrumb":{"@id":"https:\/\/goldratetoday.com\/tr\/gumus\/#breadcrumb"},"inLanguage":"tr","potentialAction":[{"@type":"ReadAction","target":["https:\/\/goldratetoday.com\/tr\/gumus\/"]}]},{"@type":"BreadcrumbList","@id":"https:\/\/goldratetoday.com\/tr\/gumus\/#breadcrumb","itemListElement":[{"@type":"ListItem","position":1,"name":"Home","item":"https:\/\/goldratetoday.com\/tr\/"},{"@type":"ListItem","position":2,"name":"G\u00fcncel g\u00fcm\u00fc\u015f fiyatlar\u0131"}]},{"@type":"WebSite","@id":"https:\/\/goldratetoday.com\/tr\/#website","url":"https:\/\/goldratetoday.com\/tr\/","name":"GoldRateToday.com","description":"Live gold price","publisher":{"@id":"https:\/\/goldratetoday.com\/tr\/#organization"},"potentialAction":[{"@type":"SearchAction","target":{"@type":"EntryPoint","urlTemplate":"https:\/\/goldratetoday.com\/tr\/?s={search_term_string}"},"query-input":"required name=search_term_string"}],"inLanguage":"tr"},{"@type":"Organization","@id":"https:\/\/goldratetoday.com\/tr\/#organization","name":"GoldRateToday.com","url":"https:\/\/goldratetoday.com\/tr\/","logo":{"@type":"ImageObject","inLanguage":"tr","@id":"https:\/\/goldratetoday.com\/tr\/#\/schema\/logo\/image\/","url":"https:\/\/goldratetoday.com\/wp-content\/uploads\/2022\/06\/GoldRateToday-white.svg","contentUrl":"https:\/\/goldratetoday.com\/wp-content\/uploads\/2022\/06\/GoldRateToday-white.svg","width":1167,"height":143,"caption":"GoldRateToday.com"},"image":{"@id":"https:\/\/goldratetoday.com\/tr\/#\/schema\/logo\/image\/"}}]}},"_links":{"self":[{"href":"https:\/\/goldratetoday.com\/tr\/wp-json\/wp\/v2\/pages\/4170"}],"collection":[{"href":"https:\/\/goldratetoday.com\/tr\/wp-json\/wp\/v2\/pages"}],"about":[{"href":"https:\/\/goldratetoday.com\/tr\/wp-json\/wp\/v2\/types\/page"}],"author":[{"embeddable":true,"href":"https:\/\/goldratetoday.com\/tr\/wp-json\/wp\/v2\/users\/1"}],"replies":[{"embeddable":true,"href":"https:\/\/goldratetoday.com\/tr\/wp-json\/wp\/v2\/comments?post=4170"}],"version-history":[{"count":7,"href":"https:\/\/goldratetoday.com\/tr\/wp-json\/wp\/v2\/pages\/4170\/revisions"}],"predecessor-version":[{"id":4285,"href":"https:\/\/goldratetoday.com\/tr\/wp-json\/wp\/v2\/pages\/4170\/revisions\/4285"}],"wp:attachment":[{"href":"https:\/\/goldratetoday.com\/tr\/wp-json\/wp\/v2\/media?parent=4170"}],"curies":[{"name":"wp","href":"https:\/\/api.w.org\/{rel}","templated":true}]}}