{"id":4157,"date":"2022-06-06T18:27:43","date_gmt":"2022-06-06T14:27:43","guid":{"rendered":"https:\/\/goldratetoday.com\/bullions\/"},"modified":"2023-05-18T13:07:02","modified_gmt":"2023-05-18T09:07:02","slug":"kulce-altin","status":"publish","type":"page","link":"https:\/\/goldratetoday.com\/tr\/kulce-altin\/","title":{"rendered":"K\u00fcl\u00e7e alt\u0131n fiyatlar\u0131"},"content":{"rendered":"\t\t<div data-elementor-type=\"wp-page\" data-elementor-id=\"4157\" class=\"elementor elementor-4157 elementor-271\" data-elementor-post-type=\"page\">\n\t\t\t\t\t\t<section class=\"elementor-section elementor-inner-section elementor-element elementor-element-1543d63 elementor-section-boxed elementor-section-height-default elementor-section-height-default\" data-id=\"1543d63\" data-element_type=\"section\">\n\t\t\t\t\t\t<div class=\"elementor-container elementor-column-gap-default\">\n\t\t\t\t\t<div class=\"elementor-column elementor-col-100 elementor-inner-column elementor-element elementor-element-47a534f7\" data-id=\"47a534f7\" data-element_type=\"column\">\n\t\t\t<div class=\"elementor-widget-wrap elementor-element-populated\">\n\t\t\t\t\t\t<div class=\"elementor-element elementor-element-785ac409 elementor-widget elementor-widget-heading\" data-id=\"785ac409\" data-element_type=\"widget\" data-widget_type=\"heading.default\">\n\t\t\t\t<div class=\"elementor-widget-container\">\n\t\t\t<style>\/*! elementor - v3.21.0 - 18-04-2024 *\/\n.elementor-heading-title{padding:0;margin:0;line-height:1}.elementor-widget-heading .elementor-heading-title[class*=elementor-size-]>a{color:inherit;font-size:inherit;line-height:inherit}.elementor-widget-heading .elementor-heading-title.elementor-size-small{font-size:15px}.elementor-widget-heading .elementor-heading-title.elementor-size-medium{font-size:19px}.elementor-widget-heading .elementor-heading-title.elementor-size-large{font-size:29px}.elementor-widget-heading .elementor-heading-title.elementor-size-xl{font-size:39px}.elementor-widget-heading .elementor-heading-title.elementor-size-xxl{font-size:59px}<\/style><h1 class=\"elementor-heading-title elementor-size-default\">K\u00fcl\u00e7e alt\u0131n fiyatlar\u0131<\/h1>\t\t<\/div>\n\t\t\t\t<\/div>\n\t\t\t\t\t<\/div>\n\t\t<\/div>\n\t\t\t\t\t<\/div>\n\t\t<\/section>\n\t\t<div class=\"elementor-element elementor-element-af410d9 e-flex e-con-boxed e-con e-parent\" data-id=\"af410d9\" data-element_type=\"container\">\n\t\t\t\t\t<div class=\"e-con-inner\">\n\t\t<div class=\"elementor-element elementor-element-4a7b1e5 e-flex e-con-boxed e-con e-parent\" data-id=\"4a7b1e5\" data-element_type=\"container\">\n\t\t\t\t\t<div class=\"e-con-inner\">\n\t\t\t\t<div class=\"elementor-element elementor-element-b2f9b8c elementor-widget elementor-widget-heading\" data-id=\"b2f9b8c\" data-element_type=\"widget\" data-widget_type=\"heading.default\">\n\t\t\t\t<div class=\"elementor-widget-container\">\n\t\t\t<h2 class=\"elementor-heading-title elementor-size-default\">G\u00fcncel tahmini k\u00fcl\u00e7e alt\u0131n fiyatlar\u0131<\/h2>\t\t<\/div>\n\t\t\t\t<\/div>\n\t\t\t\t<div class=\"elementor-element elementor-element-1268006 elementor-widget elementor-widget-html\" data-id=\"1268006\" data-element_type=\"widget\" data-widget_type=\"html.default\">\n\t\t\t\t<div class=\"elementor-widget-container\">\n\t\t\t<script src=\"\/funcs.js?v=1.383\"><\/script>\n<div class=\"tableContainer GOLD\">\n<table>\n    <thead>\n        <tr>\n            <th>K\u00dcL\u00c7E ALTIN A\u011eIRLI\u011eI<\/th>\n            <th>F\u0130YAT<\/th>\n        <\/tr>\n    <\/thead>\n    <tbody>\n        <tr class=\"oz\">\n            <td>1\/100 ons<\/td>\n            <td class=\"1-100\"><\/td>\n        <\/tr>\n        <tr class=\"gram\">\n            <td>1 gram (0.032 ons)<\/td>\n            <td class=\"1gram\"><\/td>\n        <\/tr>\n        <tr class=\"gram\">\n            <td>2,5 gram (0.80 ons)<\/td>\n            <td class=\"2_5grams\"><\/td>\n        <\/tr>\n        <tr class=\"gram\">\n            <td>5 gram (0.16 ons)<\/td>\n            <td class=\"5grams\"><\/td>\n        <\/tr>\n        <tr class=\"gram\">\n            <td>10 gram (0.32 ons)<\/td>\n            <td class=\"10grams\"><\/td>\n        <\/tr>\n        <tr class=\"gram\">\n            <td>20 gram (0.64 ons)<\/td>\n            <td class=\"20grams\"><\/td>\n        <\/tr>\n        <tr class=\"oz\">\n            <td>1 troy ons<\/td>\n            <td class=\"1troy\"><\/td>\n        <\/tr>\n        <tr class=\"gram\">\n            <td>50 gram (1.6 ons)<\/td>\n            <td class=\"50grams\"><\/td>\n        <\/tr>\n        <tr class=\"gram\">\n            <td>100 gram (3.22 ons)<\/td>\n            <td class=\"100grams\"><\/td>\n        <\/tr>\n        <tr class=\"oz\">\n            <td>5 troy ons<\/td>\n            <td class=\"5troy\"><\/td>\n        <\/tr>\n        <tr class=\"gram\">\n            <td>250 gram (8.04 ons)<\/td>\n            <td class=\"250grams\"><\/td>\n        <\/tr>\n        <tr class=\"oz\">\n            <td>10 troy ons<\/td>\n            <td class=\"10troy\"><\/td>\n        <\/tr>\n        <tr class=\"gram\">\n            <td>500 gram (16.08 ons)<\/td>\n            <td class=\"500grams\"><\/td>\n        <\/tr>\n        <tr class=\"gram\">\n            <td>1 kilogram (32.15 ons)<\/td>\n            <td class=\"1kg\"><\/td>\n        <\/tr>\n    <\/tbody>\n<\/table>\n<\/div>\n\n<script>\n    updateBullionPrices(\"GOLD\",\"USD\",\"2\");\n<\/script>\t\t<\/div>\n\t\t\t\t<\/div>\n\t\t\t\t\t<\/div>\n\t\t\t\t<\/div>\n\t\t\t\t\t<\/div>\n\t\t\t\t<\/div>\n\t\t<div class=\"elementor-element elementor-element-ac3e667 e-flex e-con-boxed e-con e-parent\" data-id=\"ac3e667\" data-element_type=\"container\">\n\t\t\t\t\t<div class=\"e-con-inner\">\n\t\t<div class=\"elementor-element elementor-element-effd943 e-flex e-con-boxed e-con e-parent\" data-id=\"effd943\" data-element_type=\"container\">\n\t\t\t\t\t<div class=\"e-con-inner\">\n\t\t\t\t<div class=\"elementor-element elementor-element-825d113 elementor-widget elementor-widget-heading\" data-id=\"825d113\" data-element_type=\"widget\" data-widget_type=\"heading.default\">\n\t\t\t\t<div class=\"elementor-widget-container\">\n\t\t\t<h2 class=\"elementor-heading-title elementor-size-default\">G\u00fcncel tahmini k\u00fcl\u00e7e g\u00fcm\u00fc\u015f fiyatlar\u0131<\/h2>\t\t<\/div>\n\t\t\t\t<\/div>\n\t\t\t\t<div class=\"elementor-element elementor-element-b2328e2 elementor-widget elementor-widget-html\" data-id=\"b2328e2\" data-element_type=\"widget\" data-widget_type=\"html.default\">\n\t\t\t\t<div class=\"elementor-widget-container\">\n\t\t\t<div class=\"tableContainer SILVER\">\n<table>\n    <thead>\n        <tr>\n            <th>K\u00dcL\u00c7E G\u00dcM\u00dc\u015e A\u011eIRLI\u011eI<\/th>\n            <th>F\u0130YAT<\/th>\n        <\/tr>\n    <\/thead>\n    <tbody>\n        <tr>\n            <td>10 gram (0.32 ons)<\/td>\n            <td class=\"10grams\"><\/td>\n        <\/tr>\n        <tr>\n            <td>20 gram (0.64 ons)<\/td>\n            <td class=\"20grams\"><\/td>\n        <\/tr>\n        <tr>\n            <td>1 ons<\/td>\n            <td class=\"1troy\"><\/td>\n        <\/tr>\n        <tr>\n            <td>50 gram (1.6 ons)<\/td>\n            <td class=\"50grams\"><\/td>\n        <\/tr>\n        <tr>\n            <td>100 gram (3.22 ons)<\/td>\n            <td class=\"100grams\"><\/td>\n        <\/tr>\n        <tr>\n            <td>5 ons<\/td>\n            <td class=\"5troy\"><\/td>\n        <\/tr>\n        <tr>\n            <td>250 gram (8.04 ons)<\/td>\n            <td class=\"250grams\"><\/td>\n        <\/tr>\n        <tr>\n            <td>10 ons<\/td>\n            <td class=\"10troy\"><\/td>\n        <\/tr>\n        <tr>\n            <td>500 gram (16.08 ons)<\/td>\n            <td class=\"500grams\"><\/td>\n        <\/tr>\n        <tr>\n            <td>1 kilogram (32.15 ons)<\/td>\n            <td class=\"1kg\"><\/td>\n        <\/tr>\n    <\/tbody>\n<\/table>\n<\/div>\n\n<script>\n    updateBullionPrices(\"SILVER\",\"USD\",\"2\");\n<\/script>\t\t<\/div>\n\t\t\t\t<\/div>\n\t\t\t\t\t<\/div>\n\t\t\t\t<\/div>\n\t\t\t\t\t<\/div>\n\t\t\t\t<\/div>\n\t\t\t\t<\/div>\n\t\t","protected":false},"excerpt":{"rendered":"<p>K\u00fcl\u00e7e alt\u0131n fiyatlar\u0131 G\u00fcncel tahmini k\u00fcl\u00e7e alt\u0131n fiyatlar\u0131 K\u00dcL\u00c7E ALTIN A\u011eIRLI\u011eI F\u0130YAT 1\/100 ons 1 gram (0.032 ons) 2,5 gram (0.80 ons) 5 gram (0.16 ons) 10 gram (0.32 ons) 20 gram (0.64 ons) 1 troy ons 50 gram (1.6 ons) 100 gram (3.22 ons) 5 troy ons 250 gram (8.04 ons) 10 troy ons [&hellip;]<\/p>\n","protected":false},"author":1,"featured_media":0,"parent":0,"menu_order":0,"comment_status":"closed","ping_status":"closed","template":"","meta":{"footnotes":""},"yoast_head":"<!-- This site is optimized with the Yoast SEO Premium plugin v22.5 (Yoast SEO v22.5) - https:\/\/yoast.com\/wordpress\/plugins\/seo\/ -->\n<title>K\u00fcl\u00e7e alt\u0131n fiyatlar\u0131 | GoldRateToday.com<\/title>\n<meta name=\"description\" content=\"\u00c7ok kapsaml\u0131 K\u00fcl\u00e7e Alt\u0131n Grafi\u011fi ile en son K\u00fcl\u00e7e Alt\u0131n fiyatlar\u0131n\u0131 ve piyasa hareketlerini \u00f6\u011frenin.\" \/>\n<meta name=\"robots\" content=\"index, follow, max-snippet:-1, max-image-preview:large, max-video-preview:-1\" \/>\n<link rel=\"canonical\" href=\"https:\/\/goldratetoday.com\/tr\/kulce-altin\/\" \/>\n<meta property=\"og:locale\" content=\"tr_TR\" \/>\n<meta property=\"og:type\" content=\"article\" \/>\n<meta property=\"og:title\" content=\"K\u00fcl\u00e7e alt\u0131n fiyatlar\u0131\" \/>\n<meta property=\"og:description\" content=\"\u00c7ok kapsaml\u0131 K\u00fcl\u00e7e Alt\u0131n Grafi\u011fi ile en son K\u00fcl\u00e7e Alt\u0131n fiyatlar\u0131n\u0131 ve piyasa hareketlerini \u00f6\u011frenin.\" \/>\n<meta property=\"og:url\" content=\"https:\/\/goldratetoday.com\/tr\/kulce-altin\/\" \/>\n<meta property=\"og:site_name\" content=\"GoldRateToday.com\" \/>\n<meta property=\"article:modified_time\" content=\"2023-05-18T09:07:02+00:00\" \/>\n<meta name=\"twitter:card\" content=\"summary_large_image\" \/>\n<meta name=\"twitter:label1\" content=\"Tahmini okuma s\u00fcresi\" \/>\n\t<meta name=\"twitter:data1\" content=\"1 dakika\" \/>\n<script type=\"application\/ld+json\" class=\"yoast-schema-graph\">{\"@context\":\"https:\/\/schema.org\",\"@graph\":[{\"@type\":\"WebPage\",\"@id\":\"https:\/\/goldratetoday.com\/tr\/kulce-altin\/\",\"url\":\"https:\/\/goldratetoday.com\/tr\/kulce-altin\/\",\"name\":\"K\u00fcl\u00e7e alt\u0131n fiyatlar\u0131 | GoldRateToday.com\",\"isPartOf\":{\"@id\":\"https:\/\/goldratetoday.com\/tr\/#website\"},\"datePublished\":\"2022-06-06T14:27:43+00:00\",\"dateModified\":\"2023-05-18T09:07:02+00:00\",\"description\":\"\u00c7ok kapsaml\u0131 K\u00fcl\u00e7e Alt\u0131n Grafi\u011fi ile en son K\u00fcl\u00e7e Alt\u0131n fiyatlar\u0131n\u0131 ve piyasa hareketlerini \u00f6\u011frenin.\",\"breadcrumb\":{\"@id\":\"https:\/\/goldratetoday.com\/tr\/kulce-altin\/#breadcrumb\"},\"inLanguage\":\"tr\",\"potentialAction\":[{\"@type\":\"ReadAction\",\"target\":[\"https:\/\/goldratetoday.com\/tr\/kulce-altin\/\"]}]},{\"@type\":\"BreadcrumbList\",\"@id\":\"https:\/\/goldratetoday.com\/tr\/kulce-altin\/#breadcrumb\",\"itemListElement\":[{\"@type\":\"ListItem\",\"position\":1,\"name\":\"Home\",\"item\":\"https:\/\/goldratetoday.com\/tr\/\"},{\"@type\":\"ListItem\",\"position\":2,\"name\":\"K\u00fcl\u00e7e alt\u0131n fiyatlar\u0131\"}]},{\"@type\":\"WebSite\",\"@id\":\"https:\/\/goldratetoday.com\/tr\/#website\",\"url\":\"https:\/\/goldratetoday.com\/tr\/\",\"name\":\"GoldRateToday.com\",\"description\":\"Live gold price\",\"publisher\":{\"@id\":\"https:\/\/goldratetoday.com\/tr\/#organization\"},\"potentialAction\":[{\"@type\":\"SearchAction\",\"target\":{\"@type\":\"EntryPoint\",\"urlTemplate\":\"https:\/\/goldratetoday.com\/tr\/?s={search_term_string}\"},\"query-input\":\"required name=search_term_string\"}],\"inLanguage\":\"tr\"},{\"@type\":\"Organization\",\"@id\":\"https:\/\/goldratetoday.com\/tr\/#organization\",\"name\":\"GoldRateToday.com\",\"url\":\"https:\/\/goldratetoday.com\/tr\/\",\"logo\":{\"@type\":\"ImageObject\",\"inLanguage\":\"tr\",\"@id\":\"https:\/\/goldratetoday.com\/tr\/#\/schema\/logo\/image\/\",\"url\":\"https:\/\/goldratetoday.com\/wp-content\/uploads\/2022\/06\/GoldRateToday-white.svg\",\"contentUrl\":\"https:\/\/goldratetoday.com\/wp-content\/uploads\/2022\/06\/GoldRateToday-white.svg\",\"width\":1167,\"height\":143,\"caption\":\"GoldRateToday.com\"},\"image\":{\"@id\":\"https:\/\/goldratetoday.com\/tr\/#\/schema\/logo\/image\/\"}}]}<\/script>\n<!-- \/ Yoast SEO Premium plugin. -->","yoast_head_json":{"title":"K\u00fcl\u00e7e alt\u0131n fiyatlar\u0131 | GoldRateToday.com","description":"\u00c7ok kapsaml\u0131 K\u00fcl\u00e7e Alt\u0131n Grafi\u011fi ile en son K\u00fcl\u00e7e Alt\u0131n fiyatlar\u0131n\u0131 ve piyasa hareketlerini \u00f6\u011frenin.","robots":{"index":"index","follow":"follow","max-snippet":"max-snippet:-1","max-image-preview":"max-image-preview:large","max-video-preview":"max-video-preview:-1"},"canonical":"https:\/\/goldratetoday.com\/tr\/kulce-altin\/","og_locale":"tr_TR","og_type":"article","og_title":"K\u00fcl\u00e7e alt\u0131n fiyatlar\u0131","og_description":"\u00c7ok kapsaml\u0131 K\u00fcl\u00e7e Alt\u0131n Grafi\u011fi ile en son K\u00fcl\u00e7e Alt\u0131n fiyatlar\u0131n\u0131 ve piyasa hareketlerini \u00f6\u011frenin.","og_url":"https:\/\/goldratetoday.com\/tr\/kulce-altin\/","og_site_name":"GoldRateToday.com","article_modified_time":"2023-05-18T09:07:02+00:00","twitter_card":"summary_large_image","twitter_misc":{"Tahmini okuma s\u00fcresi":"1 dakika"},"schema":{"@context":"https:\/\/schema.org","@graph":[{"@type":"WebPage","@id":"https:\/\/goldratetoday.com\/tr\/kulce-altin\/","url":"https:\/\/goldratetoday.com\/tr\/kulce-altin\/","name":"K\u00fcl\u00e7e alt\u0131n fiyatlar\u0131 | GoldRateToday.com","isPartOf":{"@id":"https:\/\/goldratetoday.com\/tr\/#website"},"datePublished":"2022-06-06T14:27:43+00:00","dateModified":"2023-05-18T09:07:02+00:00","description":"\u00c7ok kapsaml\u0131 K\u00fcl\u00e7e Alt\u0131n Grafi\u011fi ile en son K\u00fcl\u00e7e Alt\u0131n fiyatlar\u0131n\u0131 ve piyasa hareketlerini \u00f6\u011frenin.","breadcrumb":{"@id":"https:\/\/goldratetoday.com\/tr\/kulce-altin\/#breadcrumb"},"inLanguage":"tr","potentialAction":[{"@type":"ReadAction","target":["https:\/\/goldratetoday.com\/tr\/kulce-altin\/"]}]},{"@type":"BreadcrumbList","@id":"https:\/\/goldratetoday.com\/tr\/kulce-altin\/#breadcrumb","itemListElement":[{"@type":"ListItem","position":1,"name":"Home","item":"https:\/\/goldratetoday.com\/tr\/"},{"@type":"ListItem","position":2,"name":"K\u00fcl\u00e7e alt\u0131n fiyatlar\u0131"}]},{"@type":"WebSite","@id":"https:\/\/goldratetoday.com\/tr\/#website","url":"https:\/\/goldratetoday.com\/tr\/","name":"GoldRateToday.com","description":"Live gold price","publisher":{"@id":"https:\/\/goldratetoday.com\/tr\/#organization"},"potentialAction":[{"@type":"SearchAction","target":{"@type":"EntryPoint","urlTemplate":"https:\/\/goldratetoday.com\/tr\/?s={search_term_string}"},"query-input":"required name=search_term_string"}],"inLanguage":"tr"},{"@type":"Organization","@id":"https:\/\/goldratetoday.com\/tr\/#organization","name":"GoldRateToday.com","url":"https:\/\/goldratetoday.com\/tr\/","logo":{"@type":"ImageObject","inLanguage":"tr","@id":"https:\/\/goldratetoday.com\/tr\/#\/schema\/logo\/image\/","url":"https:\/\/goldratetoday.com\/wp-content\/uploads\/2022\/06\/GoldRateToday-white.svg","contentUrl":"https:\/\/goldratetoday.com\/wp-content\/uploads\/2022\/06\/GoldRateToday-white.svg","width":1167,"height":143,"caption":"GoldRateToday.com"},"image":{"@id":"https:\/\/goldratetoday.com\/tr\/#\/schema\/logo\/image\/"}}]}},"_links":{"self":[{"href":"https:\/\/goldratetoday.com\/tr\/wp-json\/wp\/v2\/pages\/4157"}],"collection":[{"href":"https:\/\/goldratetoday.com\/tr\/wp-json\/wp\/v2\/pages"}],"about":[{"href":"https:\/\/goldratetoday.com\/tr\/wp-json\/wp\/v2\/types\/page"}],"author":[{"embeddable":true,"href":"https:\/\/goldratetoday.com\/tr\/wp-json\/wp\/v2\/users\/1"}],"replies":[{"embeddable":true,"href":"https:\/\/goldratetoday.com\/tr\/wp-json\/wp\/v2\/comments?post=4157"}],"version-history":[{"count":5,"href":"https:\/\/goldratetoday.com\/tr\/wp-json\/wp\/v2\/pages\/4157\/revisions"}],"predecessor-version":[{"id":4178,"href":"https:\/\/goldratetoday.com\/tr\/wp-json\/wp\/v2\/pages\/4157\/revisions\/4178"}],"wp:attachment":[{"href":"https:\/\/goldratetoday.com\/tr\/wp-json\/wp\/v2\/media?parent=4157"}],"curies":[{"name":"wp","href":"https:\/\/api.w.org\/{rel}","templated":true}]}}